{"id":113,"date":"2024-01-15T16:58:51","date_gmt":"2024-01-15T15:58:51","guid":{"rendered":"https:\/\/vdlmanagement.com\/?page_id=113"},"modified":"2024-04-23T11:37:17","modified_gmt":"2024-04-23T09:37:17","slug":"contactez-nous","status":"publish","type":"page","link":"https:\/\/vdlmanagement.com\/index.php\/contactez-nous\/","title":{"rendered":"Contactez-nous"},"content":{"rendered":"\n<p><strong>van der laan management consultants<\/strong><\/p>\n\n\n<div class=\"wp-block-image\">\n<figure class=\"alignleft size-full\"><img loading=\"lazy\" decoding=\"async\" width=\"317\" height=\"169\" src=\"https:\/\/vdlmanagement.com\/wp-content\/uploads\/2024\/04\/LogoQualiopi-150dpi-AvecMarianne.png\" alt=\"\" class=\"wp-image-127\" srcset=\"https:\/\/vdlmanagement.com\/wp-content\/uploads\/2024\/04\/LogoQualiopi-150dpi-AvecMarianne.png 317w, https:\/\/vdlmanagement.com\/wp-content\/uploads\/2024\/04\/LogoQualiopi-150dpi-AvecMarianne-300x160.png 300w\" sizes=\"auto, (max-width: 317px) 100vw, 317px\" \/><figcaption class=\"wp-element-caption\">La certification qualit\u00e9 a \u00e9t\u00e9 d\u00e9livr\u00e9e au\u00a0<br>titre de la cat\u00e9gorie d&rsquo;action suivante :<br><strong>-Actions de formation<\/strong><\/figcaption><\/figure>\n<\/div>\n\n\n<p>4 rue Vall\u00e9e  02400 Ch\u00e2teau Thierry France<\/p>\n\n\n\n<p>Henk VAN DER LAAN r\u00e9f\u00e9rant p\u00e9dagogique et formateur: henk.vanderlaan@vdlmanagement.com T\u00e9l 06 32 39 45 18<\/p>\n\n\n\n<p>Lorvely VAN DER LAAN R\u00e9f\u00e9rant administratif et  handicap lvanderlaan@vdlmanagement.com T\u00e9l 06 78 27 14 92<\/p>\n","protected":false},"excerpt":{"rendered":"<p>van der laan management consultants 4 rue Vall\u00e9e 02400 Ch\u00e2teau Thierry France Henk VAN DER LAAN r\u00e9f\u00e9rant p\u00e9dagogique et formateur: henk.vanderlaan@vdlmanagement.com T\u00e9l 06 32 39 45 18 Lorvely VAN DER LAAN R\u00e9f\u00e9rant administratif et handicap lvanderlaan@vdlmanagement.com T\u00e9l 06 78 27 14 92<\/p>\n","protected":false},"author":1,"featured_media":0,"parent":0,"menu_order":0,"comment_status":"closed","ping_status":"closed","template":"","meta":{"footnotes":""},"class_list":["post-113","page","type-page","status-publish","hentry"],"_links":{"self":[{"href":"https:\/\/vdlmanagement.com\/index.php\/wp-json\/wp\/v2\/pages\/113","targetHints":{"allow":["GET"]}}],"collection":[{"href":"https:\/\/vdlmanagement.com\/index.php\/wp-json\/wp\/v2\/pages"}],"about":[{"href":"https:\/\/vdlmanagement.com\/index.php\/wp-json\/wp\/v2\/types\/page"}],"author":[{"embeddable":true,"href":"https:\/\/vdlmanagement.com\/index.php\/wp-json\/wp\/v2\/users\/1"}],"replies":[{"embeddable":true,"href":"https:\/\/vdlmanagement.com\/index.php\/wp-json\/wp\/v2\/comments?post=113"}],"version-history":[{"count":3,"href":"https:\/\/vdlmanagement.com\/index.php\/wp-json\/wp\/v2\/pages\/113\/revisions"}],"predecessor-version":[{"id":149,"href":"https:\/\/vdlmanagement.com\/index.php\/wp-json\/wp\/v2\/pages\/113\/revisions\/149"}],"wp:attachment":[{"href":"https:\/\/vdlmanagement.com\/index.php\/wp-json\/wp\/v2\/media?parent=113"}],"curies":[{"name":"wp","href":"https:\/\/api.w.org\/{rel}","templated":true}]}}