{"id":23,"date":"2022-05-16T14:09:57","date_gmt":"2022-05-16T12:09:57","guid":{"rendered":"http:\/\/vdlmanagement.com\/?page_id=23"},"modified":"2024-04-23T11:42:39","modified_gmt":"2024-04-23T09:42:39","slug":"van-der-laan-management-consultants","status":"publish","type":"page","link":"https:\/\/vdlmanagement.com\/","title":{"rendered":"van der laan management consultants"},"content":{"rendered":"\n<p>Depuis 15 ans nous aidons les soci\u00e9t\u00e9s \u00e0 r\u00e9fl\u00e9chir sur leur fa\u00e7on de manager les femmes et les hommes.<\/p>\n\n\n\n<p>Comment r\u00e9agir sur les changements dans la soci\u00e9t\u00e9, comment aider les managers et les collaborateurs de ne pas seulement fair face, mais surtout prendre le devant?<\/p>\n\n\n\n<p>Nous n&rsquo;avons pas la solution pour vous. Nous ne sommes pas des gourous.<\/p>\n\n\n\n<p><\/p>\n\n\n<div class=\"wp-block-image\">\n<figure class=\"aligncenter size-full is-resized\"><img loading=\"lazy\" decoding=\"async\" width=\"317\" height=\"169\" src=\"https:\/\/vdlmanagement.com\/wp-content\/uploads\/2024\/04\/LogoQualiopi-150dpi-AvecMarianne.png\" alt=\"\" class=\"wp-image-127\" style=\"width:282px;height:auto\" srcset=\"https:\/\/vdlmanagement.com\/wp-content\/uploads\/2024\/04\/LogoQualiopi-150dpi-AvecMarianne.png 317w, https:\/\/vdlmanagement.com\/wp-content\/uploads\/2024\/04\/LogoQualiopi-150dpi-AvecMarianne-300x160.png 300w\" sizes=\"auto, (max-width: 317px) 100vw, 317px\" \/><figcaption class=\"wp-element-caption\">La certification qualit\u00e9 a \u00e9t\u00e9 d\u00e9livr\u00e9e au\u00a0<br>titre de la cat\u00e9gorie d&rsquo;action suivante :<br><strong>-Actions de formation<\/strong><\/figcaption><\/figure>\n<\/div>","protected":false},"excerpt":{"rendered":"<p>Depuis 15 ans nous aidons les soci\u00e9t\u00e9s \u00e0 r\u00e9fl\u00e9chir sur leur fa\u00e7on de manager les femmes et les hommes. Comment r\u00e9agir sur les changements dans la soci\u00e9t\u00e9, comment aider les managers et les collaborateurs de ne pas seulement fair face, mais surtout prendre le devant? Nous n&rsquo;avons pas la solution pour vous. Nous ne sommes &hellip; <\/p>\n<p class=\"link-more\"><a href=\"https:\/\/vdlmanagement.com\/\" class=\"more-link\">Continuer la lecture<span class=\"screen-reader-text\"> de &laquo;&nbsp;van der laan management consultants&nbsp;&raquo;<\/span><\/a><\/p>\n","protected":false},"author":1,"featured_media":0,"parent":0,"menu_order":0,"comment_status":"closed","ping_status":"closed","template":"","meta":{"footnotes":""},"class_list":["post-23","page","type-page","status-publish","hentry"],"_links":{"self":[{"href":"https:\/\/vdlmanagement.com\/index.php\/wp-json\/wp\/v2\/pages\/23","targetHints":{"allow":["GET"]}}],"collection":[{"href":"https:\/\/vdlmanagement.com\/index.php\/wp-json\/wp\/v2\/pages"}],"about":[{"href":"https:\/\/vdlmanagement.com\/index.php\/wp-json\/wp\/v2\/types\/page"}],"author":[{"embeddable":true,"href":"https:\/\/vdlmanagement.com\/index.php\/wp-json\/wp\/v2\/users\/1"}],"replies":[{"embeddable":true,"href":"https:\/\/vdlmanagement.com\/index.php\/wp-json\/wp\/v2\/comments?post=23"}],"version-history":[{"count":6,"href":"https:\/\/vdlmanagement.com\/index.php\/wp-json\/wp\/v2\/pages\/23\/revisions"}],"predecessor-version":[{"id":150,"href":"https:\/\/vdlmanagement.com\/index.php\/wp-json\/wp\/v2\/pages\/23\/revisions\/150"}],"wp:attachment":[{"href":"https:\/\/vdlmanagement.com\/index.php\/wp-json\/wp\/v2\/media?parent=23"}],"curies":[{"name":"wp","href":"https:\/\/api.w.org\/{rel}","templated":true}]}}